{"id":163,"date":"2018-04-25T09:16:16","date_gmt":"2018-04-25T09:16:16","guid":{"rendered":"http:\/\/demo.themefreesia.com\/photograph\/?page_id=8"},"modified":"2021-09-26T04:37:48","modified_gmt":"2021-09-26T04:37:48","slug":"entrelazadas","status":"publish","type":"page","link":"https:\/\/entrelazadasmx.com\/sitio\/entrelazadas\/","title":{"rendered":"Entrelazadas"},"content":{"rendered":"<h2>Somos un grupo de Mujeres apoyando al crecimiento de otras mujeres, con networking, Tips y Alianzas.<\/h2>\n<p>Nos gusta ser una misma ayudandonos y ayudando, iniciamos principalmente para el apoyo a todas las mujeres que quieren sobresalir, .<\/p>\n<blockquote><p>Ser libre no es solo deshacerse de las cadenas propias, sino vivir de una forma que respete y mejore la libertad de los dem\u00e1s. <cite>\u2014 <a href=\"https:\/\/themefreesia.com\/\">Nelson Mandela<\/a><\/cite><\/p><\/blockquote>\n<p>Con el tiempo se fueron sumando intenciones, como lo son colectas para diferentes fundaciones como son ayuda a albergues para animales .<\/p>\n","protected":false},"excerpt":{"rendered":"<p>Somos un grupo de Mujeres apoyando al crecimiento de otras mujeres, con networking, Tips y Alianzas. Nos gusta ser una misma ayudandonos y ayudando, iniciamos principalmente para el apoyo a&hellip;<\/p>\n","protected":false},"author":1,"featured_media":0,"parent":0,"menu_order":0,"comment_status":"closed","ping_status":"closed","template":"page-templates\/aboutus-template.php","meta":{"footnotes":""},"class_list":["post-163","page","type-page","status-publish","hentry"],"jetpack_sharing_enabled":false,"jetpack-related-posts":[{"id":162,"url":"https:\/\/entrelazadasmx.com\/sitio\/","url_meta":{"origin":163,"position":0},"title":"Inicio","author":"adminhadas","date":"","format":false,"excerpt":"\u00bfDe qu\u00e9 trata nuestro DIRECTORIO? En entrelazadas nos preocupamos por nosotras, por las mujeres que tienen ganas de emprender, de salir adelante est\u00e9n solas o acompa\u00f1adas, para eso creamos este directorio donde todas esas mujeres podr\u00e1n tener un espacio para promocionar, darse a conocer, ofrecer servicios y generar m\u00e1s ventas,\u2026","rel":"","context":"Entrada similar","block_context":{"text":"Entrada similar","link":""},"img":{"alt_text":"","src":"https:\/\/i0.wp.com\/entrelazadasmx.com\/sitio\/wp-content\/uploads\/2018\/04\/photograph-bg.jpg?resize=350%2C200&ssl=1","width":350,"height":200,"srcset":"https:\/\/i0.wp.com\/entrelazadasmx.com\/sitio\/wp-content\/uploads\/2018\/04\/photograph-bg.jpg?resize=350%2C200&ssl=1 1x, https:\/\/i0.wp.com\/entrelazadasmx.com\/sitio\/wp-content\/uploads\/2018\/04\/photograph-bg.jpg?resize=525%2C300&ssl=1 1.5x, https:\/\/i0.wp.com\/entrelazadasmx.com\/sitio\/wp-content\/uploads\/2018\/04\/photograph-bg.jpg?resize=700%2C400&ssl=1 2x, https:\/\/i0.wp.com\/entrelazadasmx.com\/sitio\/wp-content\/uploads\/2018\/04\/photograph-bg.jpg?resize=1050%2C600&ssl=1 3x, https:\/\/i0.wp.com\/entrelazadasmx.com\/sitio\/wp-content\/uploads\/2018\/04\/photograph-bg.jpg?resize=1400%2C800&ssl=1 4x"},"classes":[]}],"_links":{"self":[{"href":"https:\/\/entrelazadasmx.com\/sitio\/wp-json\/wp\/v2\/pages\/163","targetHints":{"allow":["GET"]}}],"collection":[{"href":"https:\/\/entrelazadasmx.com\/sitio\/wp-json\/wp\/v2\/pages"}],"about":[{"href":"https:\/\/entrelazadasmx.com\/sitio\/wp-json\/wp\/v2\/types\/page"}],"author":[{"embeddable":true,"href":"https:\/\/entrelazadasmx.com\/sitio\/wp-json\/wp\/v2\/users\/1"}],"replies":[{"embeddable":true,"href":"https:\/\/entrelazadasmx.com\/sitio\/wp-json\/wp\/v2\/comments?post=163"}],"version-history":[{"count":8,"href":"https:\/\/entrelazadasmx.com\/sitio\/wp-json\/wp\/v2\/pages\/163\/revisions"}],"predecessor-version":[{"id":510,"href":"https:\/\/entrelazadasmx.com\/sitio\/wp-json\/wp\/v2\/pages\/163\/revisions\/510"}],"wp:attachment":[{"href":"https:\/\/entrelazadasmx.com\/sitio\/wp-json\/wp\/v2\/media?parent=163"}],"curies":[{"name":"wp","href":"https:\/\/api.w.org\/{rel}","templated":true}]}}