{"id":162,"date":"2018-04-25T09:15:50","date_gmt":"2018-04-25T09:15:50","guid":{"rendered":"http:\/\/demo.themefreesia.com\/photograph\/?page_id=6"},"modified":"2026-02-13T03:45:01","modified_gmt":"2026-02-13T03:45:01","slug":"home","status":"publish","type":"page","link":"https:\/\/entrelazadasmx.com\/sitio\/","title":{"rendered":"Inicio"},"content":{"rendered":"\n<figure class=\"wp-block-video\"><video height=\"720\" style=\"aspect-ratio: 1280 \/ 720;\" width=\"1280\" autoplay loop muted src=\"https:\/\/entrelazadasmx.com\/sitio\/wp-content\/uploads\/2026\/02\/DIRECTORIO.mp4\" playsinline><\/video><\/figure>\n\n\n\n<div style=\"height:40px\" aria-hidden=\"true\" class=\"wp-block-spacer\"><\/div>\n\n\n\n<div class=\"wp-block-media-text alignwide has-media-on-the-right is-stacked-on-mobile is-image-fill-element\" style=\"grid-template-columns:auto 58%\"><div class=\"wp-block-media-text__content\">\n<h2 class=\"wp-block-heading has-x-large-font-size\">\u00bfDe qu\u00e9 trata nuestro DIRECTORIO?<\/h2>\n\n\n\n<p class=\"has-medium-font-size\">En <strong>entrelazadas<\/strong> nos preocupamos por <strong>nosotras<\/strong>, por las <strong>mujeres<\/strong> que tienen ganas de emprender, de salir adelante est\u00e9n solas o acompa\u00f1adas, para eso creamos este <strong>directorio <\/strong>donde todas esas <strong>mujeres<\/strong> podr\u00e1n tener un espacio para promocionar, darse a conocer, ofrecer servicios y generar m\u00e1s ventas, aqu\u00ed en este <strong>directorio <\/strong>cada una de <strong>ustedes<\/strong> tendr\u00e1n ese espacio y <strong>apoyo<\/strong> para desenvolverse en el <strong>medio digital<\/strong> de las ventas de productos o servicio. <\/p>\n<\/div><figure class=\"wp-block-media-text__media\"><img loading=\"lazy\" decoding=\"async\" width=\"800\" height=\"880\" src=\"https:\/\/entrelazadasmx.com\/sitio\/wp-content\/uploads\/2021\/09\/inicio_directorio.jpg\" alt=\"\" class=\"wp-image-397 size-full\" style=\"object-position:33% 33%\" srcset=\"https:\/\/entrelazadasmx.com\/sitio\/wp-content\/uploads\/2021\/09\/inicio_directorio.jpg 800w, https:\/\/entrelazadasmx.com\/sitio\/wp-content\/uploads\/2021\/09\/inicio_directorio-273x300.jpg 273w, https:\/\/entrelazadasmx.com\/sitio\/wp-content\/uploads\/2021\/09\/inicio_directorio-768x845.jpg 768w\" sizes=\"auto, (max-width: 800px) 100vw, 800px\" \/><\/figure><\/div>\n\n\n\n<div style=\"height:40px\" aria-hidden=\"true\" class=\"wp-block-spacer\"><\/div>\n\n\n\n<div class=\"wp-block-media-text alignwide is-stacked-on-mobile is-image-fill-element\" style=\"grid-template-columns:51% auto\"><figure class=\"wp-block-media-text__media\"><img loading=\"lazy\" decoding=\"async\" width=\"1200\" height=\"1798\" src=\"https:\/\/entrelazadasmx.com\/sitio\/wp-content\/uploads\/2021\/08\/card.jpg\" alt=\"\" class=\"wp-image-289 size-full\" style=\"object-position:31% 34%\" srcset=\"https:\/\/entrelazadasmx.com\/sitio\/wp-content\/uploads\/2021\/08\/card.jpg 1200w, https:\/\/entrelazadasmx.com\/sitio\/wp-content\/uploads\/2021\/08\/card-200x300.jpg 200w, https:\/\/entrelazadasmx.com\/sitio\/wp-content\/uploads\/2021\/08\/card-683x1024.jpg 683w, https:\/\/entrelazadasmx.com\/sitio\/wp-content\/uploads\/2021\/08\/card-768x1151.jpg 768w, https:\/\/entrelazadasmx.com\/sitio\/wp-content\/uploads\/2021\/08\/card-1025x1536.jpg 1025w\" sizes=\"auto, (max-width: 1200px) 100vw, 1200px\" \/><\/figure><div class=\"wp-block-media-text__content\">\n<div class=\"wp-block-columns is-layout-flex wp-container-core-columns-is-layout-9d6595d7 wp-block-columns-is-layout-flex\">\n<div class=\"wp-block-column is-layout-flow wp-block-column-is-layout-flow\" style=\"flex-basis:100%\">\n<p class=\"has-x-large-font-size\"><strong>PR\u00d3XIMAMENTE<\/strong><\/p>\n\n\n\n<pre class=\"wp-block-verse has-black-color has-white-background-color has-text-color has-background has-link-color has-medium-font-size wp-elements-9eaa030b5ebede593f1657634525e577\"><strong>Nuestra tarjeta ENTRELAZADAS<br><\/strong><br>Una tarjeta creada para ti,  qu\u00e9 cuenta con grandes beneficios, como descuentos en varios establecimientos como: restaurantes, est\u00e9ticas, descuentos en servicios y con un valor extra como es Asistencia Legal Integral en todas las ramas, asistencia Psicol\u00f3gica v\u00eda telef\u00f3nica 24 horas, 365 d\u00edas del a\u00f1o.<br><br>Es gratuita al suscribirse a nuestro directorio y desde el primer d\u00eda podr\u00e1s contar con todos los beneficios. <\/pre>\n<\/div>\n<\/div>\n<\/div><\/div>\n\n\n\n<div style=\"height:60px\" aria-hidden=\"true\" class=\"wp-block-spacer\"><\/div>\n\n\n\n<div class=\"wp-block-jetpack-slideshow aligncenter\" data-autoplay=\"true\" data-delay=\"3\" data-effect=\"fade\"><div class=\"wp-block-jetpack-slideshow_container swiper\"><ul class=\"wp-block-jetpack-slideshow_swiper-wrapper swiper-wrapper\"><li class=\"wp-block-jetpack-slideshow_slide swiper-slide\"><figure><img loading=\"lazy\" decoding=\"async\" width=\"1920\" height=\"1024\" alt=\"\" class=\"wp-block-jetpack-slideshow_image wp-image-356\" data-id=\"356\" src=\"https:\/\/entrelazadasmx.com\/sitio\/wp-content\/uploads\/2021\/09\/01-1.jpg\" srcset=\"https:\/\/entrelazadasmx.com\/sitio\/wp-content\/uploads\/2021\/09\/01-1.jpg 1920w, https:\/\/entrelazadasmx.com\/sitio\/wp-content\/uploads\/2021\/09\/01-1-300x160.jpg 300w, https:\/\/entrelazadasmx.com\/sitio\/wp-content\/uploads\/2021\/09\/01-1-1024x546.jpg 1024w, https:\/\/entrelazadasmx.com\/sitio\/wp-content\/uploads\/2021\/09\/01-1-768x410.jpg 768w, https:\/\/entrelazadasmx.com\/sitio\/wp-content\/uploads\/2021\/09\/01-1-1536x819.jpg 1536w\" sizes=\"(max-width: 1920px) 100vw, 1920px\" \/><\/figure><\/li><li class=\"wp-block-jetpack-slideshow_slide swiper-slide\"><figure><img loading=\"lazy\" decoding=\"async\" width=\"1920\" height=\"1024\" alt=\"\" class=\"wp-block-jetpack-slideshow_image wp-image-357\" data-id=\"357\" src=\"https:\/\/entrelazadasmx.com\/sitio\/wp-content\/uploads\/2021\/09\/02-1.jpg\" srcset=\"https:\/\/entrelazadasmx.com\/sitio\/wp-content\/uploads\/2021\/09\/02-1.jpg 1920w, https:\/\/entrelazadasmx.com\/sitio\/wp-content\/uploads\/2021\/09\/02-1-300x160.jpg 300w, https:\/\/entrelazadasmx.com\/sitio\/wp-content\/uploads\/2021\/09\/02-1-1024x546.jpg 1024w, https:\/\/entrelazadasmx.com\/sitio\/wp-content\/uploads\/2021\/09\/02-1-768x410.jpg 768w, https:\/\/entrelazadasmx.com\/sitio\/wp-content\/uploads\/2021\/09\/02-1-1536x819.jpg 1536w\" sizes=\"(max-width: 1920px) 100vw, 1920px\" \/><\/figure><\/li><li class=\"wp-block-jetpack-slideshow_slide swiper-slide\"><figure><img loading=\"lazy\" decoding=\"async\" width=\"1920\" height=\"1024\" alt=\"\" class=\"wp-block-jetpack-slideshow_image wp-image-358\" data-id=\"358\" src=\"https:\/\/entrelazadasmx.com\/sitio\/wp-content\/uploads\/2021\/09\/03-1.jpg\" srcset=\"https:\/\/entrelazadasmx.com\/sitio\/wp-content\/uploads\/2021\/09\/03-1.jpg 1920w, https:\/\/entrelazadasmx.com\/sitio\/wp-content\/uploads\/2021\/09\/03-1-300x160.jpg 300w, https:\/\/entrelazadasmx.com\/sitio\/wp-content\/uploads\/2021\/09\/03-1-1024x546.jpg 1024w, https:\/\/entrelazadasmx.com\/sitio\/wp-content\/uploads\/2021\/09\/03-1-768x410.jpg 768w, https:\/\/entrelazadasmx.com\/sitio\/wp-content\/uploads\/2021\/09\/03-1-1536x819.jpg 1536w\" sizes=\"(max-width: 1920px) 100vw, 1920px\" \/><\/figure><\/li><li class=\"wp-block-jetpack-slideshow_slide swiper-slide\"><figure><img loading=\"lazy\" decoding=\"async\" width=\"1920\" height=\"1024\" alt=\"\" class=\"wp-block-jetpack-slideshow_image wp-image-359\" data-id=\"359\" src=\"https:\/\/entrelazadasmx.com\/sitio\/wp-content\/uploads\/2021\/09\/04-1.jpg\" srcset=\"https:\/\/entrelazadasmx.com\/sitio\/wp-content\/uploads\/2021\/09\/04-1.jpg 1920w, https:\/\/entrelazadasmx.com\/sitio\/wp-content\/uploads\/2021\/09\/04-1-300x160.jpg 300w, https:\/\/entrelazadasmx.com\/sitio\/wp-content\/uploads\/2021\/09\/04-1-1024x546.jpg 1024w, https:\/\/entrelazadasmx.com\/sitio\/wp-content\/uploads\/2021\/09\/04-1-768x410.jpg 768w, https:\/\/entrelazadasmx.com\/sitio\/wp-content\/uploads\/2021\/09\/04-1-1536x819.jpg 1536w\" sizes=\"(max-width: 1920px) 100vw, 1920px\" \/><\/figure><\/li><\/ul><a class=\"wp-block-jetpack-slideshow_button-prev swiper-button-prev swiper-button-white\" role=\"button\"><\/a><a class=\"wp-block-jetpack-slideshow_button-next swiper-button-next swiper-button-white\" role=\"button\"><\/a><a aria-label=\"Pause Slideshow\" class=\"wp-block-jetpack-slideshow_button-pause\" role=\"button\"><\/a><div class=\"wp-block-jetpack-slideshow_pagination swiper-pagination swiper-pagination-white\"><\/div><\/div><\/div>\n\n\n\n<p><\/p>\n\n\n\n<p><\/p>\n\n\n\n<p><\/p>\n","protected":false},"excerpt":{"rendered":"<p>\u00bfDe qu\u00e9 trata nuestro DIRECTORIO? En entrelazadas nos preocupamos por nosotras, por las mujeres que tienen ganas de emprender, de salir adelante est\u00e9n solas o acompa\u00f1adas, para eso creamos este&hellip;<\/p>\n","protected":false},"author":1,"featured_media":160,"parent":0,"menu_order":0,"comment_status":"closed","ping_status":"closed","template":"","meta":{"footnotes":""},"class_list":["post-162","page","type-page","status-publish","has-post-thumbnail","hentry"],"jetpack_sharing_enabled":false,"jetpack-related-posts":[{"id":283,"url":"https:\/\/entrelazadasmx.com\/sitio\/tarjeta\/","url_meta":{"origin":162,"position":0},"title":"NUESTRA TARJETA","author":"adminhadas","date":"","format":false,"excerpt":"BENEFICIOS \u2022 Anuncio en el directorio\u2022 Asistencia Legal Integral todas las ramas del v\u00eda telef\u00f3nica 24 horas 365 d\u00edas. \u2022 Asistencia Legal Integral Presencial sin costo de honorarios del Abogado, un evento ala\u00f1o, posteriormente con costos preferenciales, mediante cita programada o de maneraurgente \u2022 Asistencia Legal Presencial trat\u00e1ndose de violencia\u2026","rel":"","context":"Entrada similar","block_context":{"text":"Entrada similar","link":""},"img":{"alt_text":"","src":"https:\/\/i0.wp.com\/entrelazadasmx.com\/sitio\/wp-content\/uploads\/2021\/09\/tarjeta.jpg?resize=350%2C200&ssl=1","width":350,"height":200},"classes":[]},{"id":535,"url":"https:\/\/entrelazadasmx.com\/sitio\/blog\/","url_meta":{"origin":162,"position":1},"title":"Directorio","author":"adminhadas","date":"","format":false,"excerpt":"","rel":"","context":"Entrada similar","block_context":{"text":"Entrada similar","link":""},"img":{"alt_text":"","src":"","width":0,"height":0},"classes":[]},{"id":617,"url":"https:\/\/entrelazadasmx.com\/sitio\/nuestrodirectorio\/","url_meta":{"origin":162,"position":2},"title":"NUESTRO DIRECTORIO","author":"adminhadas","date":"","format":false,"excerpt":"","rel":"","context":"Entrada similar","block_context":{"text":"Entrada similar","link":""},"img":{"alt_text":"","src":"","width":0,"height":0},"classes":[]},{"id":163,"url":"https:\/\/entrelazadasmx.com\/sitio\/entrelazadas\/","url_meta":{"origin":162,"position":3},"title":"Entrelazadas","author":"adminhadas","date":"","format":false,"excerpt":"Somos un grupo de Mujeres apoyando al crecimiento de otras mujeres, con networking, Tips y Alianzas. Nos gusta ser una misma ayudandonos y ayudando, iniciamos principalmente para el apoyo a todas las mujeres que quieren sobresalir, . Ser libre no es solo deshacerse de las cadenas propias, sino vivir de\u2026","rel":"","context":"Entrada similar","block_context":{"text":"Entrada similar","link":""},"img":{"alt_text":"","src":"","width":0,"height":0},"classes":[]}],"_links":{"self":[{"href":"https:\/\/entrelazadasmx.com\/sitio\/wp-json\/wp\/v2\/pages\/162","targetHints":{"allow":["GET"]}}],"collection":[{"href":"https:\/\/entrelazadasmx.com\/sitio\/wp-json\/wp\/v2\/pages"}],"about":[{"href":"https:\/\/entrelazadasmx.com\/sitio\/wp-json\/wp\/v2\/types\/page"}],"author":[{"embeddable":true,"href":"https:\/\/entrelazadasmx.com\/sitio\/wp-json\/wp\/v2\/users\/1"}],"replies":[{"embeddable":true,"href":"https:\/\/entrelazadasmx.com\/sitio\/wp-json\/wp\/v2\/comments?post=162"}],"version-history":[{"count":148,"href":"https:\/\/entrelazadasmx.com\/sitio\/wp-json\/wp\/v2\/pages\/162\/revisions"}],"predecessor-version":[{"id":608,"href":"https:\/\/entrelazadasmx.com\/sitio\/wp-json\/wp\/v2\/pages\/162\/revisions\/608"}],"wp:featuredmedia":[{"embeddable":true,"href":"https:\/\/entrelazadasmx.com\/sitio\/wp-json\/wp\/v2\/media\/160"}],"wp:attachment":[{"href":"https:\/\/entrelazadasmx.com\/sitio\/wp-json\/wp\/v2\/media?parent=162"}],"curies":[{"name":"wp","href":"https:\/\/api.w.org\/{rel}","templated":true}]}}